{"id":1235,"date":"2026-04-13T18:03:21","date_gmt":"2026-04-13T16:03:21","guid":{"rendered":"https:\/\/www.ponsirenaspuig.com\/projectes-equipaments-industrials\/"},"modified":"2026-04-26T18:27:00","modified_gmt":"2026-04-26T16:27:00","slug":"equipamientos-industriales","status":"publish","type":"page","link":"https:\/\/www.ponsirenaspuig.com\/es\/equipamientos-industriales\/","title":{"rendered":"Equipamientos Industriales"},"content":{"rendered":"\t\t<div data-elementor-type=\"wp-page\" data-elementor-id=\"1235\" class=\"elementor elementor-1235 elementor-918\" data-elementor-post-type=\"page\">\n\t\t\t\t<div data-particle_enable=\"false\" data-particle-mobile-disabled=\"false\" class=\"elementor-element elementor-element-9db7482 e-con-full e-flex e-con e-parent\" data-id=\"9db7482\" data-element_type=\"container\" data-e-type=\"container\" data-settings=\"{&quot;background_background&quot;:&quot;classic&quot;}\">\n\t\t\t\t<div class=\"elementor-element elementor-element-3baa52a elementor-widget elementor-widget-heading\" data-id=\"3baa52a\" data-element_type=\"widget\" data-e-type=\"widget\" data-widget_type=\"heading.default\">\n\t\t\t\t\t<h2 class=\"elementor-heading-title elementor-size-default\">PROYECTOS<\/h2>\t\t\t\t<\/div>\n\t\t\t\t<div class=\"elementor-element elementor-element-8dafe2f elementor-widget elementor-widget-heading\" data-id=\"8dafe2f\" data-element_type=\"widget\" data-e-type=\"widget\" data-widget_type=\"heading.default\">\n\t\t\t\t\t<h2 class=\"elementor-heading-title elementor-size-default\">EQUIPAMIENTOS<br>&amp; INDUSTRIALES<\/h2>\t\t\t\t<\/div>\n\t\t\t\t<\/div>\n\t\t<div data-particle_enable=\"false\" data-particle-mobile-disabled=\"false\" class=\"elementor-element elementor-element-7c3b864 e-flex e-con-boxed e-con e-parent\" data-id=\"7c3b864\" data-element_type=\"container\" data-e-type=\"container\">\n\t\t\t\t\t<div class=\"e-con-inner\">\n\t\t\t\t\t<\/div>\n\t\t\t\t<\/div>\n\t\t<div data-particle_enable=\"false\" data-particle-mobile-disabled=\"false\" class=\"elementor-element elementor-element-b1fc327 e-flex e-con-boxed e-con e-parent\" data-id=\"b1fc327\" data-element_type=\"container\" data-e-type=\"container\">\n\t\t\t\t\t<div class=\"e-con-inner\">\n\t\t\t\t<div class=\"elementor-element elementor-element-62281f1 elementor-grid-3 elementor-grid-tablet-2 elementor-grid-mobile-1 elementor-widget elementor-widget-portfolio\" data-id=\"62281f1\" data-element_type=\"widget\" data-e-type=\"widget\" data-settings=\"{&quot;item_ratio&quot;:{&quot;unit&quot;:&quot;px&quot;,&quot;size&quot;:1.1899999999999999,&quot;sizes&quot;:[]},&quot;row_gap&quot;:{&quot;unit&quot;:&quot;px&quot;,&quot;size&quot;:10,&quot;sizes&quot;:[]},&quot;columns&quot;:&quot;3&quot;,&quot;columns_tablet&quot;:&quot;2&quot;,&quot;columns_mobile&quot;:&quot;1&quot;,&quot;item_gap&quot;:{&quot;unit&quot;:&quot;px&quot;,&quot;size&quot;:&quot;&quot;,&quot;sizes&quot;:[]}}\" data-widget_type=\"portfolio.default\">\n\t\t\t\t<div class=\"elementor-widget-container\">\n\t\t\t\t\t\t\t<div class=\"elementor-portfolio elementor-grid elementor-posts-container\" role=\"list\">\n\t\t\t\t<article class=\"elementor-portfolio-item elementor-post elementor-filter- post-2169 proyectos type-proyectos status-publish has-post-thumbnail hentry categories-proyectos-equipamientos-industriales\" role=\"listitem\">\n\t\t\t<a class=\"elementor-post__thumbnail__link\" href=\"https:\/\/www.ponsirenaspuig.com\/es\/proyectos\/concurso-anteproyecto-tanatorio-en-el-barrio-de-las-guixeres-de-badalona\/\">\n\t\t\t\t<div class=\"elementor-portfolio-item__img elementor-post__thumbnail\">\n\t\t\t<img fetchpriority=\"high\" decoding=\"async\" width=\"1030\" height=\"455\" src=\"https:\/\/www.ponsirenaspuig.com\/wp-content\/uploads\/2026\/04\/06-VISTES-EDIFICI1_Pagina_2-1030x455-1.jpg\" class=\"attachment-full size-full wp-image-2170\" alt=\"\" srcset=\"https:\/\/www.ponsirenaspuig.com\/wp-content\/uploads\/2026\/04\/06-VISTES-EDIFICI1_Pagina_2-1030x455-1.jpg 1030w, https:\/\/www.ponsirenaspuig.com\/wp-content\/uploads\/2026\/04\/06-VISTES-EDIFICI1_Pagina_2-1030x455-1-300x133.jpg 300w, https:\/\/www.ponsirenaspuig.com\/wp-content\/uploads\/2026\/04\/06-VISTES-EDIFICI1_Pagina_2-1030x455-1-1024x452.jpg 1024w, https:\/\/www.ponsirenaspuig.com\/wp-content\/uploads\/2026\/04\/06-VISTES-EDIFICI1_Pagina_2-1030x455-1-768x339.jpg 768w\" sizes=\"(max-width: 1030px) 100vw, 1030px\" \/>\t\t<\/div>\n\t\t\t\t<div class=\"elementor-portfolio-item__overlay\">\n\t\t\t\t<h3 class=\"elementor-portfolio-item__title\">\n\t\tCONCURSO ANTEPROYECTO TANATORIO EN EL BARRIO DE LAS GUIXERES DE BADALONA\t\t<\/h3>\n\t\t\t\t<\/div>\n\t\t\t\t<\/a>\n\t\t<\/article>\n\t\t\t\t<article class=\"elementor-portfolio-item elementor-post elementor-filter- post-2160 proyectos type-proyectos status-publish has-post-thumbnail hentry categories-proyectos-equipamientos-industriales\" role=\"listitem\">\n\t\t\t<a class=\"elementor-post__thumbnail__link\" href=\"https:\/\/www.ponsirenaspuig.com\/es\/proyectos\/centre-hospitalari-a-badalona\/\">\n\t\t\t\t<div class=\"elementor-portfolio-item__img elementor-post__thumbnail\">\n\t\t\t<img decoding=\"async\" width=\"1030\" height=\"633\" src=\"https:\/\/www.ponsirenaspuig.com\/wp-content\/uploads\/2026\/04\/prespect-1-1030x633-2.jpg\" class=\"attachment-full size-full wp-image-2161\" alt=\"\" srcset=\"https:\/\/www.ponsirenaspuig.com\/wp-content\/uploads\/2026\/04\/prespect-1-1030x633-2.jpg 1030w, https:\/\/www.ponsirenaspuig.com\/wp-content\/uploads\/2026\/04\/prespect-1-1030x633-2-300x184.jpg 300w, https:\/\/www.ponsirenaspuig.com\/wp-content\/uploads\/2026\/04\/prespect-1-1030x633-2-1024x629.jpg 1024w, https:\/\/www.ponsirenaspuig.com\/wp-content\/uploads\/2026\/04\/prespect-1-1030x633-2-768x472.jpg 768w\" sizes=\"(max-width: 1030px) 100vw, 1030px\" \/>\t\t<\/div>\n\t\t\t\t<div class=\"elementor-portfolio-item__overlay\">\n\t\t\t\t<h3 class=\"elementor-portfolio-item__title\">\n\t\tCENTRO HOSPITALARIO EN BADALONA\t\t<\/h3>\n\t\t\t\t<\/div>\n\t\t\t\t<\/a>\n\t\t<\/article>\n\t\t\t\t<article class=\"elementor-portfolio-item elementor-post elementor-filter- post-2137 proyectos type-proyectos status-publish has-post-thumbnail hentry categories-proyectos-equipamientos-industriales\" role=\"listitem\">\n\t\t\t<a class=\"elementor-post__thumbnail__link\" href=\"https:\/\/www.ponsirenaspuig.com\/es\/proyectos\/centro-de-especialidades-medicas-traumatologia-y-rehabilitacion\/\">\n\t\t\t\t<div class=\"elementor-portfolio-item__img elementor-post__thumbnail\">\n\t\t\t<img decoding=\"async\" width=\"392\" height=\"266\" src=\"https:\/\/www.ponsirenaspuig.com\/wp-content\/uploads\/2026\/04\/AlfonsoXII_entrada-2.jpg\" class=\"attachment-full size-full wp-image-2138\" alt=\"\" srcset=\"https:\/\/www.ponsirenaspuig.com\/wp-content\/uploads\/2026\/04\/AlfonsoXII_entrada-2.jpg 392w, https:\/\/www.ponsirenaspuig.com\/wp-content\/uploads\/2026\/04\/AlfonsoXII_entrada-2-300x204.jpg 300w\" sizes=\"(max-width: 392px) 100vw, 392px\" \/>\t\t<\/div>\n\t\t\t\t<div class=\"elementor-portfolio-item__overlay\">\n\t\t\t\t<h3 class=\"elementor-portfolio-item__title\">\n\t\tCentro de especialidades m\u00e9dicas, traumatolog\u00eda y rehabilitaci\u00f3n\t\t<\/h3>\n\t\t\t\t<\/div>\n\t\t\t\t<\/a>\n\t\t<\/article>\n\t\t\t\t<article class=\"elementor-portfolio-item elementor-post elementor-filter- post-2118 proyectos type-proyectos status-publish has-post-thumbnail hentry categories-proyectos-equipamientos-industriales\" role=\"listitem\">\n\t\t\t<a class=\"elementor-post__thumbnail__link\" href=\"https:\/\/www.ponsirenaspuig.com\/es\/proyectos\/capital-europea-del-basquet-2\/\">\n\t\t\t\t<div class=\"elementor-portfolio-item__img elementor-post__thumbnail\">\n\t\t\t<img loading=\"lazy\" decoding=\"async\" width=\"650\" height=\"432\" src=\"https:\/\/www.ponsirenaspuig.com\/wp-content\/uploads\/2026\/04\/projectes-equipaments-CEB-5-2.jpg\" class=\"attachment-full size-full wp-image-2119\" alt=\"\" srcset=\"https:\/\/www.ponsirenaspuig.com\/wp-content\/uploads\/2026\/04\/projectes-equipaments-CEB-5-2.jpg 650w, https:\/\/www.ponsirenaspuig.com\/wp-content\/uploads\/2026\/04\/projectes-equipaments-CEB-5-2-300x199.jpg 300w\" sizes=\"(max-width: 650px) 100vw, 650px\" \/>\t\t<\/div>\n\t\t\t\t<div class=\"elementor-portfolio-item__overlay\">\n\t\t\t\t<h3 class=\"elementor-portfolio-item__title\">\n\t\tCAPITAL EUROPEA DEL BALONCESTO\t\t<\/h3>\n\t\t\t\t<\/div>\n\t\t\t\t<\/a>\n\t\t<\/article>\n\t\t\t\t<article class=\"elementor-portfolio-item elementor-post elementor-filter- post-2087 proyectos type-proyectos status-publish has-post-thumbnail hentry categories-proyectos-equipamientos-industriales\" role=\"listitem\">\n\t\t\t<a class=\"elementor-post__thumbnail__link\" href=\"https:\/\/www.ponsirenaspuig.com\/es\/proyectos\/centro-medico-pediatrico-digest\/\">\n\t\t\t\t<div class=\"elementor-portfolio-item__img elementor-post__thumbnail\">\n\t\t\t<img loading=\"lazy\" decoding=\"async\" width=\"1030\" height=\"765\" src=\"https:\/\/www.ponsirenaspuig.com\/wp-content\/uploads\/2026\/04\/IMG-1-DIGEST-1-1030x765-1.jpg\" class=\"attachment-full size-full wp-image-2088\" alt=\"\" srcset=\"https:\/\/www.ponsirenaspuig.com\/wp-content\/uploads\/2026\/04\/IMG-1-DIGEST-1-1030x765-1.jpg 1030w, https:\/\/www.ponsirenaspuig.com\/wp-content\/uploads\/2026\/04\/IMG-1-DIGEST-1-1030x765-1-300x223.jpg 300w, https:\/\/www.ponsirenaspuig.com\/wp-content\/uploads\/2026\/04\/IMG-1-DIGEST-1-1030x765-1-1024x761.jpg 1024w, https:\/\/www.ponsirenaspuig.com\/wp-content\/uploads\/2026\/04\/IMG-1-DIGEST-1-1030x765-1-768x570.jpg 768w\" sizes=\"(max-width: 1030px) 100vw, 1030px\" \/>\t\t<\/div>\n\t\t\t\t<div class=\"elementor-portfolio-item__overlay\">\n\t\t\t\t<h3 class=\"elementor-portfolio-item__title\">\n\t\tCentro m\u00e9dico pedi\u00e1trico Digest\t\t<\/h3>\n\t\t\t\t<\/div>\n\t\t\t\t<\/a>\n\t\t<\/article>\n\t\t\t\t<article class=\"elementor-portfolio-item elementor-post elementor-filter- post-2083 proyectos type-proyectos status-publish has-post-thumbnail hentry categories-proyectos-equipamientos-industriales\" role=\"listitem\">\n\t\t\t<a class=\"elementor-post__thumbnail__link\" href=\"https:\/\/www.ponsirenaspuig.com\/es\/proyectos\/coberta-lleugera-pistes-magic-badalona\/\">\n\t\t\t\t<div class=\"elementor-portfolio-item__img elementor-post__thumbnail\">\n\t\t\t<img loading=\"lazy\" decoding=\"async\" width=\"650\" height=\"488\" src=\"https:\/\/www.ponsirenaspuig.com\/wp-content\/uploads\/2026\/04\/projectes-equipaments-coberta-pistes-magic-1.jpg\" class=\"attachment-full size-full wp-image-2084\" alt=\"\" srcset=\"https:\/\/www.ponsirenaspuig.com\/wp-content\/uploads\/2026\/04\/projectes-equipaments-coberta-pistes-magic-1.jpg 650w, https:\/\/www.ponsirenaspuig.com\/wp-content\/uploads\/2026\/04\/projectes-equipaments-coberta-pistes-magic-1-300x225.jpg 300w\" sizes=\"(max-width: 650px) 100vw, 650px\" \/>\t\t<\/div>\n\t\t\t\t<div class=\"elementor-portfolio-item__overlay\">\n\t\t\t\t<h3 class=\"elementor-portfolio-item__title\">\n\t\tCubierta Ligera pistas Magic Badalona\t\t<\/h3>\n\t\t\t\t<\/div>\n\t\t\t\t<\/a>\n\t\t<\/article>\n\t\t\t\t<article class=\"elementor-portfolio-item elementor-post elementor-filter- post-2072 proyectos type-proyectos status-publish has-post-thumbnail hentry categories-proyectos-equipamientos-industriales\" role=\"listitem\">\n\t\t\t<a class=\"elementor-post__thumbnail__link\" href=\"https:\/\/www.ponsirenaspuig.com\/es\/proyectos\/institucio-familiar-deducacio\/\">\n\t\t\t\t<div class=\"elementor-portfolio-item__img elementor-post__thumbnail\">\n\t\t\t<img loading=\"lazy\" decoding=\"async\" width=\"1030\" height=\"728\" src=\"https:\/\/www.ponsirenaspuig.com\/wp-content\/uploads\/2026\/04\/E3-5w-1030x728-1.jpg\" class=\"attachment-full size-full wp-image-2073\" alt=\"\" srcset=\"https:\/\/www.ponsirenaspuig.com\/wp-content\/uploads\/2026\/04\/E3-5w-1030x728-1.jpg 1030w, https:\/\/www.ponsirenaspuig.com\/wp-content\/uploads\/2026\/04\/E3-5w-1030x728-1-300x212.jpg 300w, https:\/\/www.ponsirenaspuig.com\/wp-content\/uploads\/2026\/04\/E3-5w-1030x728-1-1024x724.jpg 1024w, https:\/\/www.ponsirenaspuig.com\/wp-content\/uploads\/2026\/04\/E3-5w-1030x728-1-768x543.jpg 768w\" sizes=\"(max-width: 1030px) 100vw, 1030px\" \/>\t\t<\/div>\n\t\t\t\t<div class=\"elementor-portfolio-item__overlay\">\n\t\t\t\t<h3 class=\"elementor-portfolio-item__title\">\n\t\tInstituci\u00f3n familiar de educaci\u00f3n\t\t<\/h3>\n\t\t\t\t<\/div>\n\t\t\t\t<\/a>\n\t\t<\/article>\n\t\t\t\t<article class=\"elementor-portfolio-item elementor-post elementor-filter- post-2055 proyectos type-proyectos status-publish has-post-thumbnail hentry categories-proyectos-equipamientos-industriales\" role=\"listitem\">\n\t\t\t<a class=\"elementor-post__thumbnail__link\" href=\"https:\/\/www.ponsirenaspuig.com\/es\/proyectos\/micorpel-micaco-2\/\">\n\t\t\t\t<div class=\"elementor-portfolio-item__img elementor-post__thumbnail\">\n\t\t\t<img loading=\"lazy\" decoding=\"async\" width=\"488\" height=\"650\" src=\"https:\/\/www.ponsirenaspuig.com\/wp-content\/uploads\/2026\/04\/projectes-equipaments-Micorpel-1.jpg\" class=\"attachment-full size-full wp-image-2056\" alt=\"\" srcset=\"https:\/\/www.ponsirenaspuig.com\/wp-content\/uploads\/2026\/04\/projectes-equipaments-Micorpel-1.jpg 488w, https:\/\/www.ponsirenaspuig.com\/wp-content\/uploads\/2026\/04\/projectes-equipaments-Micorpel-1-225x300.jpg 225w\" sizes=\"(max-width: 488px) 100vw, 488px\" \/>\t\t<\/div>\n\t\t\t\t<div class=\"elementor-portfolio-item__overlay\">\n\t\t\t\t<h3 class=\"elementor-portfolio-item__title\">\n\t\tMicorpel (Micaco)\t\t<\/h3>\n\t\t\t\t<\/div>\n\t\t\t\t<\/a>\n\t\t<\/article>\n\t\t\t\t<article class=\"elementor-portfolio-item elementor-post elementor-filter- post-2040 proyectos type-proyectos status-publish has-post-thumbnail hentry categories-proyectos-equipamientos-industriales\" role=\"listitem\">\n\t\t\t<a class=\"elementor-post__thumbnail__link\" href=\"https:\/\/www.ponsirenaspuig.com\/es\/proyectos\/conjunt-equipamentala-santa-cristina-daro\/\">\n\t\t\t\t<div class=\"elementor-portfolio-item__img elementor-post__thumbnail\">\n\t\t\t<img loading=\"lazy\" decoding=\"async\" width=\"1010\" height=\"731\" src=\"https:\/\/www.ponsirenaspuig.com\/wp-content\/uploads\/2026\/04\/STCRIS-4.jpg\" class=\"attachment-full size-full wp-image-2041\" alt=\"\" srcset=\"https:\/\/www.ponsirenaspuig.com\/wp-content\/uploads\/2026\/04\/STCRIS-4.jpg 1010w, https:\/\/www.ponsirenaspuig.com\/wp-content\/uploads\/2026\/04\/STCRIS-4-300x217.jpg 300w, https:\/\/www.ponsirenaspuig.com\/wp-content\/uploads\/2026\/04\/STCRIS-4-768x556.jpg 768w\" sizes=\"(max-width: 1010px) 100vw, 1010px\" \/>\t\t<\/div>\n\t\t\t\t<div class=\"elementor-portfolio-item__overlay\">\n\t\t\t\t<h3 class=\"elementor-portfolio-item__title\">\n\t\tCONJUNTO EQUIPAMIENTO EN SANTA CRISTINA DE ARO\t\t<\/h3>\n\t\t\t\t<\/div>\n\t\t\t\t<\/a>\n\t\t<\/article>\n\t\t\t\t<article class=\"elementor-portfolio-item elementor-post elementor-filter- post-2013 proyectos type-proyectos status-publish has-post-thumbnail hentry categories-proyectos-equipamientos-industriales\" role=\"listitem\">\n\t\t\t<a class=\"elementor-post__thumbnail__link\" href=\"https:\/\/www.ponsirenaspuig.com\/es\/proyectos\/otros\/\">\n\t\t\t\t<div class=\"elementor-portfolio-item__img elementor-post__thumbnail\">\n\t\t\t<img loading=\"lazy\" decoding=\"async\" width=\"488\" height=\"650\" src=\"https:\/\/www.ponsirenaspuig.com\/wp-content\/uploads\/2026\/04\/POLEMIK.jpg\" class=\"attachment-full size-full wp-image-2014\" alt=\"\" srcset=\"https:\/\/www.ponsirenaspuig.com\/wp-content\/uploads\/2026\/04\/POLEMIK.jpg 488w, https:\/\/www.ponsirenaspuig.com\/wp-content\/uploads\/2026\/04\/POLEMIK-225x300.jpg 225w\" sizes=\"(max-width: 488px) 100vw, 488px\" \/>\t\t<\/div>\n\t\t\t\t<div class=\"elementor-portfolio-item__overlay\">\n\t\t\t\t<h3 class=\"elementor-portfolio-item__title\">\n\t\tOTROS\t\t<\/h3>\n\t\t\t\t<\/div>\n\t\t\t\t<\/a>\n\t\t<\/article>\n\t\t\t\t<article class=\"elementor-portfolio-item elementor-post elementor-filter- post-2007 proyectos type-proyectos status-publish has-post-thumbnail hentry categories-proyectos-equipamientos-industriales\" role=\"listitem\">\n\t\t\t<a class=\"elementor-post__thumbnail__link\" href=\"https:\/\/www.ponsirenaspuig.com\/es\/proyectos\/anudal-facep-s-a-inmobiliarias-microm2000-s-l\/\">\n\t\t\t\t<div class=\"elementor-portfolio-item__img elementor-post__thumbnail\">\n\t\t\t<img loading=\"lazy\" decoding=\"async\" width=\"650\" height=\"488\" src=\"https:\/\/www.ponsirenaspuig.com\/wp-content\/uploads\/2026\/04\/Anudal1_1.jpg\" class=\"attachment-full size-full wp-image-2008\" alt=\"\" srcset=\"https:\/\/www.ponsirenaspuig.com\/wp-content\/uploads\/2026\/04\/Anudal1_1.jpg 650w, https:\/\/www.ponsirenaspuig.com\/wp-content\/uploads\/2026\/04\/Anudal1_1-300x225.jpg 300w\" sizes=\"(max-width: 650px) 100vw, 650px\" \/>\t\t<\/div>\n\t\t\t\t<div class=\"elementor-portfolio-item__overlay\">\n\t\t\t\t<h3 class=\"elementor-portfolio-item__title\">\n\t\tANUDAL \/ FACEP, S.A. \/ INMOBILIARIAS MICROM2000, S.L.\t\t<\/h3>\n\t\t\t\t<\/div>\n\t\t\t\t<\/a>\n\t\t<\/article>\n\t\t\t\t<article class=\"elementor-portfolio-item elementor-post elementor-filter- post-1994 proyectos type-proyectos status-publish has-post-thumbnail hentry categories-proyectos-equipamientos-industriales\" role=\"listitem\">\n\t\t\t<a class=\"elementor-post__thumbnail__link\" href=\"https:\/\/www.ponsirenaspuig.com\/es\/proyectos\/imer\/\">\n\t\t\t\t<div class=\"elementor-portfolio-item__img elementor-post__thumbnail\">\n\t\t\t<img loading=\"lazy\" decoding=\"async\" width=\"650\" height=\"411\" src=\"https:\/\/www.ponsirenaspuig.com\/wp-content\/uploads\/2026\/04\/Imer-3.jpg\" class=\"attachment-full size-full wp-image-1995\" alt=\"\" srcset=\"https:\/\/www.ponsirenaspuig.com\/wp-content\/uploads\/2026\/04\/Imer-3.jpg 650w, https:\/\/www.ponsirenaspuig.com\/wp-content\/uploads\/2026\/04\/Imer-3-300x190.jpg 300w\" sizes=\"(max-width: 650px) 100vw, 650px\" \/>\t\t<\/div>\n\t\t\t\t<div class=\"elementor-portfolio-item__overlay\">\n\t\t\t\t<h3 class=\"elementor-portfolio-item__title\">\n\t\tIMER\t\t<\/h3>\n\t\t\t\t<\/div>\n\t\t\t\t<\/a>\n\t\t<\/article>\n\t\t\t\t<\/div>\n\t\t\t\t\t\t<\/div>\n\t\t\t\t<\/div>\n\t\t\t\t\t<\/div>\n\t\t\t\t<\/div>\n\t\t\t\t<\/div>\n\t\t","protected":false},"excerpt":{"rendered":"<p>PROYECTOS EQUIPAMIENTOS&amp; INDUSTRIALES<\/p>\n","protected":false},"author":3,"featured_media":0,"parent":0,"menu_order":0,"comment_status":"closed","ping_status":"closed","template":"","meta":{"_acf_changed":false,"footnotes":""},"class_list":["post-1235","page","type-page","status-publish","hentry"],"acf":[],"_links":{"self":[{"href":"https:\/\/www.ponsirenaspuig.com\/es\/wp-json\/wp\/v2\/pages\/1235","targetHints":{"allow":["GET"]}}],"collection":[{"href":"https:\/\/www.ponsirenaspuig.com\/es\/wp-json\/wp\/v2\/pages"}],"about":[{"href":"https:\/\/www.ponsirenaspuig.com\/es\/wp-json\/wp\/v2\/types\/page"}],"author":[{"embeddable":true,"href":"https:\/\/www.ponsirenaspuig.com\/es\/wp-json\/wp\/v2\/users\/3"}],"replies":[{"embeddable":true,"href":"https:\/\/www.ponsirenaspuig.com\/es\/wp-json\/wp\/v2\/comments?post=1235"}],"version-history":[{"count":10,"href":"https:\/\/www.ponsirenaspuig.com\/es\/wp-json\/wp\/v2\/pages\/1235\/revisions"}],"predecessor-version":[{"id":1301,"href":"https:\/\/www.ponsirenaspuig.com\/es\/wp-json\/wp\/v2\/pages\/1235\/revisions\/1301"}],"wp:attachment":[{"href":"https:\/\/www.ponsirenaspuig.com\/es\/wp-json\/wp\/v2\/media?parent=1235"}],"curies":[{"name":"wp","href":"https:\/\/api.w.org\/{rel}","templated":true}]}}